{"id":689,"date":"2018-07-04T10:58:21","date_gmt":"2018-07-04T08:58:21","guid":{"rendered":"https:\/\/www.engineeringwithpower.cz\/?page_id=689"},"modified":"2018-08-02T14:57:57","modified_gmt":"2018-08-02T12:57:57","slug":"automotive","status":"publish","type":"page","link":"https:\/\/www.engineeringwithpower.cz\/sk\/automotive\/","title":{"rendered":"Automotive"},"content":{"rendered":"<p>Technodat ako In\u017einiersko kon\u0161truk\u010dn\u00e1 kancel\u00e1ria poskytuje kon\u0161truk\u010dn\u00e9 a\u00a0in\u017einierske slu\u017eby pre automobilov\u00fd priemysel. Poskytovan\u00e9 slu\u017eby s\u00fa zalo\u017een\u00e9 na vysoko kvalifikovan\u00fdch a\u00a0sk\u00fasen\u00fdch in\u017einieroch a\u00a0na najmodernej\u0161\u00edch zariadeniach. \u00darove\u0148 poskytovan\u00fdch in\u017einierskych slu\u017eieb je zalo\u017een\u00e1 na 20 ro\u010dn\u00fdch sk\u00fasenostiach v\u00a0poskytovan\u00ed in\u017einierskych slu\u017eieb s\u00a0hlavn\u00fdm cie\u013eom splni\u0165 n\u00e1ro\u010dn\u00e9 po\u017eiadavky z\u00e1kazn\u00edka, vybudova\u0165 dlhotrvaj\u00face pracovn\u00e9 partnerstvo so z\u00e1kazn\u00edkom, pokry\u0165 in\u017einierske potreby z\u00e1kazn\u00edka a\u00a0pochopi\u0165 individu\u00e1lne po\u017eiadavky z\u00e1kazn\u00edka.<\/p>\n","protected":false},"excerpt":{"rendered":"<p>Technodat ako In\u017einiersko kon\u0161truk\u010dn\u00e1 kancel\u00e1ria [&hellip;]<\/p>\n","protected":false},"author":3,"featured_media":0,"parent":0,"menu_order":0,"comment_status":"closed","ping_status":"closed","template":"template-specialization.php","meta":[],"acf":[],"_links":{"self":[{"href":"https:\/\/www.engineeringwithpower.cz\/sk\/wp-json\/wp\/v2\/pages\/689"}],"collection":[{"href":"https:\/\/www.engineeringwithpower.cz\/sk\/wp-json\/wp\/v2\/pages"}],"about":[{"href":"https:\/\/www.engineeringwithpower.cz\/sk\/wp-json\/wp\/v2\/types\/page"}],"author":[{"embeddable":true,"href":"https:\/\/www.engineeringwithpower.cz\/sk\/wp-json\/wp\/v2\/users\/3"}],"replies":[{"embeddable":true,"href":"https:\/\/www.engineeringwithpower.cz\/sk\/wp-json\/wp\/v2\/comments?post=689"}],"version-history":[{"count":27,"href":"https:\/\/www.engineeringwithpower.cz\/sk\/wp-json\/wp\/v2\/pages\/689\/revisions"}],"predecessor-version":[{"id":953,"href":"https:\/\/www.engineeringwithpower.cz\/sk\/wp-json\/wp\/v2\/pages\/689\/revisions\/953"}],"wp:attachment":[{"href":"https:\/\/www.engineeringwithpower.cz\/sk\/wp-json\/wp\/v2\/media?parent=689"}],"curies":[{"name":"wp","href":"https:\/\/api.w.org\/{rel}","templated":true}]}}