{"id":693,"date":"2018-07-04T11:01:32","date_gmt":"2018-07-04T09:01:32","guid":{"rendered":"https:\/\/www.engineeringwithpower.cz\/?page_id=693"},"modified":"2019-01-16T13:43:13","modified_gmt":"2019-01-16T12:43:13","slug":"vseobecne-strojarstvo","status":"publish","type":"page","link":"https:\/\/www.engineeringwithpower.cz\/sk\/vseobecne-strojarstvo\/","title":{"rendered":"V\u0161eobecn\u00e9 stroj\u00e1rstvo"},"content":{"rendered":"<p style=\"line-height: 18.0pt; margin: 15.0pt 0cm .0001pt 0cm;\"><span id=\"result_box\" lang=\"cs\">Nab\u00edz\u00edme komplexn\u00ed in\u017een\u00fdrsk\u00e9 slu\u017eby v cel\u00e9m procesu v\u00fdvoje, kter\u00fd zahrnuje v\u0161echny f\u00e1ze n\u00e1vrhu a v\u00fdvoje nov\u00e9ho za\u0159\u00edzen\u00ed, kter\u00e9 za\u010d\u00ednaj\u00ed \u00favodn\u00edmi anal\u00fdzami, studiemi a koncep\u010dn\u00edm n\u00e1vrhem, p\u0159es n\u00e1vrh za\u0159\u00edzen\u00ed, a kon\u010d\u00ed simulac\u00ed a optimalizac\u00ed za\u0159\u00edzen\u00ed a podporou v\u00fdroby za\u0159\u00edzen\u00ed. Hlavn\u00ed zam\u011b\u0159en\u00ed je na poskytov\u00e1n\u00ed in\u017een\u00fdrsk\u00fdch slu\u017eeb pro n\u00e1vrh a v\u00fdvoj stroj\u016f a za\u0159\u00edzen\u00ed pro stroj\u00edrensk\u00fd pr\u016fmysl.<\/span><\/p>\n<p>&nbsp;<\/p>\n","protected":false},"excerpt":{"rendered":"<p>Nab\u00edz\u00edme komplexn\u00ed in\u017een\u00fdrsk\u00e9 slu\u017eby v [&hellip;]<\/p>\n","protected":false},"author":3,"featured_media":0,"parent":0,"menu_order":0,"comment_status":"closed","ping_status":"closed","template":"template-specialization.php","meta":[],"acf":[],"_links":{"self":[{"href":"https:\/\/www.engineeringwithpower.cz\/sk\/wp-json\/wp\/v2\/pages\/693"}],"collection":[{"href":"https:\/\/www.engineeringwithpower.cz\/sk\/wp-json\/wp\/v2\/pages"}],"about":[{"href":"https:\/\/www.engineeringwithpower.cz\/sk\/wp-json\/wp\/v2\/types\/page"}],"author":[{"embeddable":true,"href":"https:\/\/www.engineeringwithpower.cz\/sk\/wp-json\/wp\/v2\/users\/3"}],"replies":[{"embeddable":true,"href":"https:\/\/www.engineeringwithpower.cz\/sk\/wp-json\/wp\/v2\/comments?post=693"}],"version-history":[{"count":22,"href":"https:\/\/www.engineeringwithpower.cz\/sk\/wp-json\/wp\/v2\/pages\/693\/revisions"}],"predecessor-version":[{"id":1015,"href":"https:\/\/www.engineeringwithpower.cz\/sk\/wp-json\/wp\/v2\/pages\/693\/revisions\/1015"}],"wp:attachment":[{"href":"https:\/\/www.engineeringwithpower.cz\/sk\/wp-json\/wp\/v2\/media?parent=693"}],"curies":[{"name":"wp","href":"https:\/\/api.w.org\/{rel}","templated":true}]}}