{"id":697,"date":"2018-07-04T11:14:03","date_gmt":"2018-07-04T09:14:03","guid":{"rendered":"https:\/\/www.engineeringwithpower.cz\/?page_id=697"},"modified":"2018-07-26T07:54:40","modified_gmt":"2018-07-26T05:54:40","slug":"energeticke-strojarstvo","status":"publish","type":"page","link":"https:\/\/www.engineeringwithpower.cz\/sk\/energeticke-strojarstvo\/","title":{"rendered":"Energetick\u00e9 stroj\u00e1rstvo"},"content":{"rendered":"<p><strong>Energetick\u00e9 stroj\u00e1rstvo<\/strong><\/p>\n<p>Zaober\u00e1me sa detailnou<strong> mechanickou kon\u0161trukciou parn\u00fdch turb\u00edn vr\u00e1tane pr\u00edslu\u0161enstva.<\/strong> M\u00e1me bohat\u00e9 sk\u00fasenosti s v\u00fdvojom komplexn\u00fdch <strong>turb\u00ednov\u00fdch telies<\/strong>, od liatych vysokotlakov\u00fdch a\u017e po zv\u00e1ran\u00e9 n\u00edzkotlakov\u00e9 teles\u00e1 a \u010fal\u0161ie komponenty, ako s\u00fa <strong>lo\u017eiskov\u00e9 stojany, upch\u00e1vkov\u00e9 syst\u00e9my, regula\u010dn\u00e9 prvky, mont\u00e1\u017ene a prepravn\u00e9 pr\u00edslu\u0161enstvo.<\/strong><\/p>\n<p><strong>Pon\u00fakame:<\/strong><\/p>\n<ul>\n<li>doplnenie Va\u0161ich kon\u0161truk\u010dn\u00fdch a v\u00fdvojov\u00fdch kapac\u00edt na\u0161imi in\u017einiermi, vr\u00e1tane komplexn\u00e9ho kon\u0161truk\u010dn\u00e9ho vybavenia<\/li>\n<li>vlastn\u00e9 v\u00fdkonn\u00e9 pracovn\u00e9 licencie a licencie \u0161pi\u010dkov\u00e9ho v\u00fdvojov\u00e9ho prostredia CATIA V5<\/li>\n<li>syst\u00e9my pre n\u00e1vrh elektroin\u0161tal\u00e1cie vozidiel Engineering Base a Ruplan od AUCOTEC<\/li>\n<li>infra\u0161trukt\u00faru pre komunik\u00e1ciu a vzdialen\u00e9 zdie\u013eanie licenci\u00ed z centr\u00e1lneho licen\u010dn\u00e9ho serveru<\/li>\n<\/ul>\n<p>&nbsp;<\/p>\n<p>M\u00e1me vlastn\u00e9 kon\u0161truk\u010dn\u00e9 kancel\u00e1rie. M\u00f4\u017eeme pracova\u0165 vo svojich kancel\u00e1ri\u00e1ch so vzdialen\u00fdm pr\u00edstupom k Va\u0161im PLM syst\u00e9mom a d\u00e1tov\u00fdm arch\u00edvom alebo sa fyzicky dostav\u00edme na Va\u0161e pracovisko. Budeme s\u00fa\u010das\u0165ou Va\u0161ich kon\u0161truk\u010dn\u00fdch t\u00edmov. Je tu tie\u017e mo\u017enos\u0165\u00a0 kombinovan\u00fdch n\u00e1v\u0161tev s \u010diasto\u010dnou pr\u00edtomnos\u0165ou u V\u00e1s v priebehu pracovn\u00e9ho t\u00fd\u017ed\u0148a.<\/p>\n<p>&nbsp;<\/p>\n<p><strong>Sme flexibiln\u00ed a pripraven\u00ed pon\u00faknu\u0165 V\u00e1m potrebn\u00e9 kvalifikovan\u00e9 kon\u0161truk\u010dn\u00e9 kapacity v mieste a \u010dase, kde kedy ich potrebujete a to bez nutnosti vlastn\u00fdch invest\u00edci\u00ed do pr\u00edpravy \u013eud\u00ed a n\u00e1kupu vybavenia.<\/strong><\/p>\n","protected":false},"excerpt":{"rendered":"<p>Energetick\u00e9 stroj\u00e1rstvo Zaober\u00e1me sa detailnou [&hellip;]<\/p>\n","protected":false},"author":3,"featured_media":0,"parent":0,"menu_order":0,"comment_status":"closed","ping_status":"closed","template":"template-specialization.php","meta":[],"acf":[],"_links":{"self":[{"href":"https:\/\/www.engineeringwithpower.cz\/sk\/wp-json\/wp\/v2\/pages\/697"}],"collection":[{"href":"https:\/\/www.engineeringwithpower.cz\/sk\/wp-json\/wp\/v2\/pages"}],"about":[{"href":"https:\/\/www.engineeringwithpower.cz\/sk\/wp-json\/wp\/v2\/types\/page"}],"author":[{"embeddable":true,"href":"https:\/\/www.engineeringwithpower.cz\/sk\/wp-json\/wp\/v2\/users\/3"}],"replies":[{"embeddable":true,"href":"https:\/\/www.engineeringwithpower.cz\/sk\/wp-json\/wp\/v2\/comments?post=697"}],"version-history":[{"count":21,"href":"https:\/\/www.engineeringwithpower.cz\/sk\/wp-json\/wp\/v2\/pages\/697\/revisions"}],"predecessor-version":[{"id":856,"href":"https:\/\/www.engineeringwithpower.cz\/sk\/wp-json\/wp\/v2\/pages\/697\/revisions\/856"}],"wp:attachment":[{"href":"https:\/\/www.engineeringwithpower.cz\/sk\/wp-json\/wp\/v2\/media?parent=697"}],"curies":[{"name":"wp","href":"https:\/\/api.w.org\/{rel}","templated":true}]}}