{"id":702,"date":"2018-07-04T11:28:22","date_gmt":"2018-07-04T09:28:22","guid":{"rendered":"https:\/\/www.engineeringwithpower.cz\/?page_id=702"},"modified":"2018-07-30T10:05:30","modified_gmt":"2018-07-30T08:05:30","slug":"energetika","status":"publish","type":"page","link":"https:\/\/www.engineeringwithpower.cz\/sk\/energetika\/","title":{"rendered":"Energetika"},"content":{"rendered":"<p>S\u00fa\u010dasn\u00e1 dynamick\u00e1 doba vyv\u00edja enormn\u00fd tlak na flexibilitu a prisp\u00f4sobenie sa po\u017eiadavk\u00e1m z\u00e1kazn\u00edkov. Je tomu tak v oblasti projekcie i n\u00e1sledn\u00e9ho prev\u00e1dzkovania elektrick\u00fdch a energetick\u00fdch zariaden\u00ed. Projektanti a kon\u0161trukt\u00e9ri musia popri problematiky technick\u00e9ho rie\u0161enia zvl\u00e1dnu\u0165 aj o<strong>bsluhu a pou\u017eitie r\u00f4znych CAD \/ CAE syst\u00e9mov<\/strong>. Prev\u00e1dzkovatelia t\u00fdchto zariaden\u00ed naopak klad\u00fa<strong> d\u00f4raz na r\u00fdchlos\u0165 odstr\u00e1nenia z\u00e1vady a s t\u00fdm spojen\u00fa \u013eahk\u00fa orient\u00e1ciu v dokument\u00e1cii.<\/strong><\/p>\n<p>Akt\u00edvna \u00fa\u010das\u0165 technikov spolo\u010dnosti Technodat <strong>napom\u00e1ha s implement\u00e1ciou dan\u00e9ho softwaru, s vypracovan\u00edm \u0161tandardov digitalizovanej dokument\u00e1cie<\/strong> a v neposlednom rade aj <strong>s technickou podporou projektov.<\/strong><\/p>\n","protected":false},"excerpt":{"rendered":"<p>S\u00fa\u010dasn\u00e1 dynamick\u00e1 doba vyv\u00edja enormn\u00fd [&hellip;]<\/p>\n","protected":false},"author":3,"featured_media":0,"parent":0,"menu_order":0,"comment_status":"closed","ping_status":"closed","template":"template-specialization.php","meta":[],"acf":[],"_links":{"self":[{"href":"https:\/\/www.engineeringwithpower.cz\/sk\/wp-json\/wp\/v2\/pages\/702"}],"collection":[{"href":"https:\/\/www.engineeringwithpower.cz\/sk\/wp-json\/wp\/v2\/pages"}],"about":[{"href":"https:\/\/www.engineeringwithpower.cz\/sk\/wp-json\/wp\/v2\/types\/page"}],"author":[{"embeddable":true,"href":"https:\/\/www.engineeringwithpower.cz\/sk\/wp-json\/wp\/v2\/users\/3"}],"replies":[{"embeddable":true,"href":"https:\/\/www.engineeringwithpower.cz\/sk\/wp-json\/wp\/v2\/comments?post=702"}],"version-history":[{"count":11,"href":"https:\/\/www.engineeringwithpower.cz\/sk\/wp-json\/wp\/v2\/pages\/702\/revisions"}],"predecessor-version":[{"id":940,"href":"https:\/\/www.engineeringwithpower.cz\/sk\/wp-json\/wp\/v2\/pages\/702\/revisions\/940"}],"wp:attachment":[{"href":"https:\/\/www.engineeringwithpower.cz\/sk\/wp-json\/wp\/v2\/media?parent=702"}],"curies":[{"name":"wp","href":"https:\/\/api.w.org\/{rel}","templated":true}]}}