{"id":718,"date":"2018-07-04T14:37:59","date_gmt":"2018-07-04T12:37:59","guid":{"rendered":"https:\/\/www.engineeringwithpower.cz\/?page_id=718"},"modified":"2018-07-25T17:37:03","modified_gmt":"2018-07-25T15:37:03","slug":"transportation","status":"publish","type":"page","link":"https:\/\/www.engineeringwithpower.cz\/sk\/transportation\/","title":{"rendered":"Transportation"},"content":{"rendered":"<p>N\u00e1\u0161 t\u00edm zaoberaj\u00faci sa spracovan\u00edm <strong>elektrickej \u010dasti projektov<\/strong> v oblasti dopravnej techniky m\u00e1 bohat\u00e9 sk\u00fasenosti. Dok\u00e1\u017eeme pom\u00f4c\u0165 s komplexn\u00fdm spracovan\u00edm dokument\u00e1cie od projekcie, cez kon\u0161truk\u010dn\u00e9 sch\u00e9my a\u017e po v\u00fdrobn\u00e9 podklady z oblasti <strong>automotive<\/strong> (n\u00e1kladn\u00e9 a po\u013enohospod\u00e1rske vozidl\u00e1), <strong>leteckej<\/strong> <strong>i ko\u013eajovej<\/strong> dopravy.<\/p>\n<p>Ku ka\u017ed\u00e9mu z\u00e1kazn\u00edkovi pristupujeme individu\u00e1lne, sna\u017e\u00edme sa pochopi\u0165 jeho zvyky a n\u00e1sledne vyu\u017eitie v\u00fdslednej dokument\u00e1cie. V\u010faka tomu m\u00e1me \u0161irok\u00fd rozh\u013ead o \u0161tandardn\u00fdch i menej \u010dast\u00fdch po\u017eiadavk\u00e1ch a postupoch z r\u00f4znych odvetv\u00ed.<\/p>\n<h3>M\u00f4\u017eeme v\u00e1m pon\u00faknu\u0165:<\/h3>\n<ul>\n<li>anal\u00fdzu s\u00fa\u010dasn\u00e9ho stavu tvorby dokument\u00e1cie<\/li>\n<li>n\u00e1vrh pr\u00edpadn\u00e9ho vylep\u0161enia za\u017eit\u00fdch postupov<\/li>\n<li>pom\u00f4\u017eeme s elimin\u00e1ciou niektor\u00fdch \u010dasovo n\u00e1ro\u010dn\u00fdch \u00fakonov<\/li>\n<li>efekt\u00edvnej\u0161ie rie\u0161enie s adekv\u00e1tnou vypovedaj\u00facou hodnotou pre konzumenta v\u00fdslednej dokument\u00e1cie<\/li>\n<\/ul>\n","protected":false},"excerpt":{"rendered":"<p>N\u00e1\u0161 t\u00edm zaoberaj\u00faci sa spracovan\u00edm [&hellip;]<\/p>\n","protected":false},"author":3,"featured_media":0,"parent":0,"menu_order":0,"comment_status":"closed","ping_status":"closed","template":"template-specialization.php","meta":[],"acf":[],"_links":{"self":[{"href":"https:\/\/www.engineeringwithpower.cz\/sk\/wp-json\/wp\/v2\/pages\/718"}],"collection":[{"href":"https:\/\/www.engineeringwithpower.cz\/sk\/wp-json\/wp\/v2\/pages"}],"about":[{"href":"https:\/\/www.engineeringwithpower.cz\/sk\/wp-json\/wp\/v2\/types\/page"}],"author":[{"embeddable":true,"href":"https:\/\/www.engineeringwithpower.cz\/sk\/wp-json\/wp\/v2\/users\/3"}],"replies":[{"embeddable":true,"href":"https:\/\/www.engineeringwithpower.cz\/sk\/wp-json\/wp\/v2\/comments?post=718"}],"version-history":[{"count":11,"href":"https:\/\/www.engineeringwithpower.cz\/sk\/wp-json\/wp\/v2\/pages\/718\/revisions"}],"predecessor-version":[{"id":927,"href":"https:\/\/www.engineeringwithpower.cz\/sk\/wp-json\/wp\/v2\/pages\/718\/revisions\/927"}],"wp:attachment":[{"href":"https:\/\/www.engineeringwithpower.cz\/sk\/wp-json\/wp\/v2\/media?parent=718"}],"curies":[{"name":"wp","href":"https:\/\/api.w.org\/{rel}","templated":true}]}}